{"id":647,"date":"2025-08-08T08:44:12","date_gmt":"2025-08-08T08:44:12","guid":{"rendered":"https:\/\/dev1.layertre.it\/?page_id=647"},"modified":"2025-08-08T08:44:12","modified_gmt":"2025-08-08T08:44:12","slug":"online-larchivio-storico-delluniversita-castrense","status":"publish","type":"page","link":"https:\/\/www.universitacastrense.eu\/index.php\/online-larchivio-storico-delluniversita-castrense\/","title":{"rendered":"Online l\u2019archivio storico dell\u2019Universit\u00e0 Castrense!"},"content":{"rendered":"<p>[et_pb_section fb_built=&#8221;1&#8243; admin_label=&#8221;Header&#8221; _builder_version=&#8221;4.27.4&#8243; _module_preset=&#8221;4d954f1d-69c5-4f0f-a70c-242440b418f6&#8243; background_color=&#8221;rgba(20,20,20,0.46)&#8221; use_background_color_gradient=&#8221;off&#8221; background_image=&#8221;https:\/\/universitacastrense.eu\/wp-content\/uploads\/2025\/07\/home-first.jpg&#8221; background_enable_image=&#8221;on&#8221; background_blend=&#8221;multiply&#8221; collapsed=&#8221;on&#8221; global_colors_info=&#8221;{%22gcid-1f1bf5fb-a99d-4acc-8d9e-ddac074c158c%22:%91%22background_color_gradient_stops%22,%22background_color_gradient_stops%22%93,%22gcid-4c79ba3d-a281-4fb6-9b14-02f9a4c793f2%22:%91%22background_color_gradient_stops%22,%22background_color_gradient_stops%22%93,%22gcid-688c464a-d6f2-4296-b592-395352c71c79%22:%91%22background_color_gradient_stops%22,%22background_color_gradient_stops%22%93,%22gcid-d119accd-44d7-4f2f-b9d7-599c8463324b%22:%91%22background_color_gradient_stops%22,%22background_color_gradient_stops%22%93}&#8221; theme_builder_area=&#8221;post_content&#8221;][et_pb_row _builder_version=&#8221;4.25.1&#8243; _module_preset=&#8221;default&#8221; global_colors_info=&#8221;{}&#8221; theme_builder_area=&#8221;post_content&#8221;][et_pb_column type=&#8221;4_4&#8243; _builder_version=&#8221;4.25.1&#8243; _module_preset=&#8221;default&#8221; global_colors_info=&#8221;{}&#8221; theme_builder_area=&#8221;post_content&#8221;][et_pb_heading title=&#8221;Online l&#8217;archivio storico dell&#8217;Universit\u00e0 Castrense!&#8221; _builder_version=&#8221;4.27.4&#8243; _module_preset=&#8221;e124da90-24ae-4e5e-b911-9e7686e707c5&#8243; title_text_align=&#8221;center&#8221; title_text_color=&#8221;#FFFFFF&#8221; custom_margin=&#8221;||10px||false|false&#8221; hover_enabled=&#8221;0&#8243; global_colors_info=&#8221;{}&#8221; theme_builder_area=&#8221;post_content&#8221; sticky_enabled=&#8221;0&#8243;][\/et_pb_heading][\/et_pb_column][\/et_pb_row][et_pb_row make_equal=&#8221;on&#8221; _builder_version=&#8221;4.27.4&#8243; _module_preset=&#8221;default&#8221; global_colors_info=&#8221;{}&#8221; theme_builder_area=&#8221;post_content&#8221;][et_pb_column type=&#8221;4_4&#8243; _builder_version=&#8221;4.25.2&#8243; _module_preset=&#8221;117e46ea-81d3-47bf-bb9d-fe3c048d5057&#8243; global_colors_info=&#8221;{}&#8221; theme_builder_area=&#8221;post_content&#8221;][et_pb_heading title=&#8221;Online l&#8217;archivio storico dell&#8217;Universit\u00e0 Castrense!&#8221; _builder_version=&#8221;4.27.4&#8243; _module_preset=&#8221;fca04b89-e090-4656-a980-2f2c3ecfec13&#8243; title_text_color=&#8221;gcid-1f1b4e15-7cc6-4e13-8154-74d77a956460&#8243; custom_margin=&#8221;||10px||false|false&#8221; hover_enabled=&#8221;0&#8243; global_colors_info=&#8221;{%22gcid-1f1b4e15-7cc6-4e13-8154-74d77a956460%22:%91%22title_text_color%22%93}&#8221; theme_builder_area=&#8221;post_content&#8221; sticky_enabled=&#8221;0&#8243;][\/et_pb_heading][et_pb_text _builder_version=&#8221;4.27.4&#8243; _module_preset=&#8221;default&#8221; theme_builder_area=&#8221;post_content&#8221; text_font_size=&#8221;16px&#8221; text_line_height=&#8221;1.9em&#8221; hover_enabled=&#8221;0&#8243; sticky_enabled=&#8221;0&#8243; link_text_color=&#8221;#af590e&#8221;]<\/p>\n<div class=\"wrap\">\n<p class=\"descrizione-progetto m-bottom-2 box-text-color no-bold hidden-xs\">Il fondo storico conservato presso la Biblioteca Villa Dora di San Giorgio di Nogaro (Udine) \u00e8 da oggi consultabile online per studiosi e appassionati di storia!<\/p>\n<\/div>\n<p>In questa sezione \u00e8sar\u00e0possibile visiate l\u2019archivio storico della Scuola medica da campo di San Giorgio di Nogaro e la documentazione d\u2019archivio ad essa collegata che \u00e8 emersa nel corso del progetto \u00abDocumentare il trauma:l\u2019esperienza dell\u2019Universit\u00e0 Castrense nella Grande\u00bb (Responsabile scientifico Prof. Francesco Pitassio \u2013 Universit\u00e0 di Udine).<\/p>\n<p>Link:<span>\u00a0<\/span><a href=\"https:\/\/web.archive.org\/web\/20240425003928\/http:\/\/archivio.universitacastrense.eu\/\">http:\/\/archivio.universitacastrense.eu\/<\/a><\/p>\n<p>[\/et_pb_text][et_pb_button button_text=&#8221;Clicca qui per l&#8217;archivio storico dell&#8217;Universit\u00e0 Castrense&#8221; _builder_version=&#8221;4.27.4&#8243; _module_preset=&#8221;default&#8221; theme_builder_area=&#8221;post_content&#8221; button_url=&#8221;https:\/\/archivio.universitacastrense.eu\/&#8221; url_new_window=&#8221;on&#8221; custom_button=&#8221;on&#8221; button_text_color=&#8221;#a01a00&#8243; hover_enabled=&#8221;0&#8243; sticky_enabled=&#8221;0&#8243;][\/et_pb_button][\/et_pb_column][\/et_pb_row][\/et_pb_section]<\/p>\n","protected":false},"excerpt":{"rendered":"<p>Il fondo storico conservato presso la Biblioteca Villa Dora di San Giorgio di Nogaro (Udine) \u00e8 da oggi consultabile online per studiosi e appassionati di storia! In questa sezione \u00e8sar\u00e0possibile visiate l\u2019archivio storico della Scuola medica da campo di San Giorgio di Nogaro e la documentazione d\u2019archivio ad essa collegata che \u00e8 emersa nel corso [&hellip;]<\/p>\n","protected":false},"author":1,"featured_media":0,"parent":0,"menu_order":0,"comment_status":"closed","ping_status":"closed","template":"","meta":{"_et_pb_use_builder":"on","_et_pb_old_content":"","_et_gb_content_width":"","footnotes":""},"class_list":["post-647","page","type-page","status-publish","hentry"],"_links":{"self":[{"href":"https:\/\/www.universitacastrense.eu\/index.php\/wp-json\/wp\/v2\/pages\/647","targetHints":{"allow":["GET"]}}],"collection":[{"href":"https:\/\/www.universitacastrense.eu\/index.php\/wp-json\/wp\/v2\/pages"}],"about":[{"href":"https:\/\/www.universitacastrense.eu\/index.php\/wp-json\/wp\/v2\/types\/page"}],"author":[{"embeddable":true,"href":"https:\/\/www.universitacastrense.eu\/index.php\/wp-json\/wp\/v2\/users\/1"}],"replies":[{"embeddable":true,"href":"https:\/\/www.universitacastrense.eu\/index.php\/wp-json\/wp\/v2\/comments?post=647"}],"version-history":[{"count":2,"href":"https:\/\/www.universitacastrense.eu\/index.php\/wp-json\/wp\/v2\/pages\/647\/revisions"}],"predecessor-version":[{"id":650,"href":"https:\/\/www.universitacastrense.eu\/index.php\/wp-json\/wp\/v2\/pages\/647\/revisions\/650"}],"wp:attachment":[{"href":"https:\/\/www.universitacastrense.eu\/index.php\/wp-json\/wp\/v2\/media?parent=647"}],"curies":[{"name":"wp","href":"https:\/\/api.w.org\/{rel}","templated":true}]}}